{"id":119,"date":"2021-06-25T19:01:41","date_gmt":"2021-06-25T17:01:41","guid":{"rendered":"https:\/\/armorhistel.org\/centansdelaradio\/?page_id=119"},"modified":"2023-08-01T10:23:43","modified_gmt":"2023-08-01T08:23:43","slug":"les-pionniers","status":"publish","type":"page","link":"https:\/\/www.armorhistel.org\/centansdelaradio\/index.php\/les-pionniers\/","title":{"rendered":"Les pionniers"},"content":{"rendered":"\n<div class=\"wp-block-columns is-layout-flex wp-container-core-columns-layout-1 wp-block-columns-is-layout-flex\">\n<div class=\"wp-block-column is-layout-flow wp-block-column-is-layout-flow\">\n<p class=\"has-vivid-red-color has-text-color has-medium-font-size\">Guglielmo Marconi<\/p>\n\n\n\n<p>1874 &#8211; 1937<\/p>\n\n\n\n<div class=\"wp-block-image\"><figure class=\"aligncenter size-large\"><img loading=\"lazy\" decoding=\"async\" width=\"195\" height=\"259\" src=\"https:\/\/armorhistel.org\/centansdelaradio\/wp-content\/uploads\/2021\/06\/image-4.jpeg\" alt=\"https:\/\/www.techno-science.net\/illustration\/Definition\/inconnu\/g\/Guglielmo-Marconi.jpg\" class=\"wp-image-134\"\/><\/figure><\/div>\n\n\n\n<p><strong>Les premiers \u00e9metteurs radio<\/strong><\/p>\n\n\n\n<p>M\u00e9diocre \u00e9tudiant du professeur Righi, il s\u2019int\u00e9resse t\u00f4t aux applications pratiques des ondes \u00e9lectromagn\u00e9tiques. Apr\u00e8s des exp\u00e9riences men\u00e9es avec ses ressources propres, dans la villa de ses parents et ensuite en Suisse, il recherche un financement externe. Apr\u00e8s avoir \u00e9t\u00e9 \u00e9conduit par le minist\u00e8re des PTT italien, il gagne Londres en f\u00e9vrier 1896 avec sa m\u00e8re. Il d\u00e9pose une demande de brevet le 5 mars 1896 (abandonn\u00e9e plus tard) et Il adresse une lettre le 20 mai 1896 \u00e0 l\u2019amiraut\u00e9 pour lui proposer un dispositif de t\u00e9l\u00e9commande \u00e0 distance de vedette ou de torpille (port\u00e9e plus d\u2019un mille). La proposition quoique prise au s\u00e9rieux, n\u2019a pas eu de suite. Il obtient alors une lettre de recommandation d\u2019un ing\u00e9nieur de renom, A Campbell-Swinton , adress\u00e9e \u00e0 W Preece l\u2019ing\u00e9nieur en chef du B.P.O. Convaincu par G Marconi, celui-ci demande pour lui au parlement Britannique une subvention de 12 000 shillings (15 000 Fr\/or). Avec cet argent, il peut faire fabriquer du mat\u00e9riel et recruter quelques collaborateurs dont Georges Kemp qu\u2019on retrouvera lors des exp\u00e9riences de Wimereux. Entre septembre 1896 et Mars 1897, il r\u00e9alise des d\u00e9monstrations dans la plaine de Salisbury, avec des port\u00e9es de plus en plus importantes.<\/p>\n\n\n\n<p>En mai 1897, il r\u00e9alise, en pr\u00e9sence de 3 ing\u00e9nieurs d\u00e9l\u00e9gu\u00e9s par BPO pour contr\u00f4ler ses exp\u00e9riences, une liaison bidirectionnelle dans le canal de Bristol sur environ 16 km.<\/p>\n\n\n\n<p>Le 4 juin 1897 W Preece rend compte devant la Royal Institution de Londres, du r\u00e9sultat des exp\u00e9riences de Marconi. On y trouve un historique de la question et une description des moyens utilis\u00e9s, et l\u2019espoir d\u2019une utilisation prochaine. Cette conf\u00e9rence a eu un grand retentissement et on trouve, en France, des comptes rendus assez complets dans des revues scientifiques telles que \u00ab&nbsp;La Nature&nbsp;\u00bb ou \u00ab&nbsp;La Science Illustr\u00e9e&nbsp;\u00bb. Marconi d\u00e9pose des brevets et sans doute enivr\u00e9 par sa r\u00e9ussite, va jusqu\u2019\u00e0 laisser entendre qu\u2019il a tout invent\u00e9. Cette affirmation, va lui valoir quelques retours de b\u00e2ton. On trouve par exemple, en France, dans les Annales T\u00e9l\u00e9graphiques de mars\/avril 1898 un long article de l\u2019ing\u00e9nieur des t\u00e9l\u00e9graphes J.Voisenat, donnant une analyse compl\u00e8te de l\u2019historique de la question, et indiquant que les dispositifs utilis\u00e9s par Marconi \u00e9taient utilis\u00e9s depuis des ann\u00e9es par les physiciens dans leurs laboratoires. Ce faisant, il nous permet de comprendre que le m\u00e9rite de Marconi, et il n\u2019est pas mince, est d\u2019avoir song\u00e9 \u00e0 donner une utilisation pratique \u00e0 des dispositifs qu\u2019avant lui, personne, sauf peut-\u00eatre Popov n\u2019avait essayer d\u2019utiliser dans un but utilitaire. Il est nomm\u00e9 directeur de la Wireless Telegraph and Signal compagny cr\u00e9e en juillet 1897. Elle deviendra en 1900 la Marconi\u2019s Wireless Telegraph Compagny. La cr\u00e9ation d\u2019une soci\u00e9t\u00e9 puissante (capital de 100 000 \u00a3), donc disposant d\u2019importants moyens financiers et humains, sera un atout fort qui conduira \u00e0 une situation de quasi-monopole. Ce sera le \u00ab&nbsp;Marconisme&nbsp;\u00bb, qui sera combattu et mis en \u00e9chec par les autres grandes nations de la t\u00e9l\u00e9graphie sans fils&nbsp;: Allemagne, France, USA, appuy\u00e9es par des instances internationales.<\/p>\n\n\n\n<p class=\"has-vivid-red-color has-text-color has-medium-font-size\">Camille Tissot<\/p>\n\n\n\n<p>1868 &#8211; 1917<\/p>\n\n\n\n<div class=\"wp-block-image\"><figure class=\"aligncenter\"><img decoding=\"async\" src=\"https:\/\/upload.wikimedia.org\/wikipedia\/commons\/thumb\/f\/fd\/CAMILLE_TISSOT.JPG\/260px-CAMILLE_TISSOT.JPG\" alt=\"Afficher l\u2019image source\"\/><\/figure><\/div>\n\n\n\n<p>En 1896, Camille Papin Tissot est professeur titulaire de la chaire de physique de l\u2019\u00e9cole navale. Depuis 1894 il \u00e9tudiait \u00ab&nbsp;la propagation des effets \u00e9lectromagn\u00e9tiques&nbsp;\u00bb (cit\u00e9 dans un article de Y, Bouquillon Conservateur honoraire Mus\u00e9e de la salle d\u2019honneur du 8<sup>e<\/sup> r\u00e9giment des transmissions, intitul\u00e9 \u00ab&nbsp;Hommage \u00e0 Camille Tissot\u2026.pionnier de la T.S.F.&nbsp;\u00bb publi\u00e9 dans les cahiers de la FNARH n\u00b085 en 2002&nbsp;. Appuy\u00e9 par l\u2019\u00e9tat-major de la marine, il lance des \u00e9tudes pratiques, qui d\u00e9bouche le 3 aout 1898 sur une liaison TSF avec le Borda, sur une distance de 1,8 km, il obtient le soutien du ministre de la Marine pour d\u00e9velopper une fili\u00e8re fran\u00e7aise (i.e affranchie des brevets de Marconi). Il multiplie alors les exp\u00e9rimentations pratiques mais aussi apporte une contribution notable aux connaissances th\u00e9oriques concernant la production et l\u2019\u00e9mission des ondes hertziennes. A ce propos, il est cit\u00e9 3 fois dans un petit opuscule de Henri Poincar\u00e9, \u00e9ditions Scientia n\u00b0 23 de f\u00e9vrier 1904dont le titre est&nbsp;:&nbsp;\u00ab&nbsp;th\u00e9orie de Maxwell et les oscillations Hertziennes- La t\u00e9l\u00e9graphie sans fil&nbsp;\u00bb. Page 60, Poincar\u00e9 indique que ses exp\u00e9riences ont prouv\u00e9 que dans l\u2019\u00e9mission des \u00e9tincelles rares, la p\u00e9riode n\u2019est pas constante et d\u00e9cro\u00eet des premi\u00e8res oscillations aux derni\u00e8res. Page 100 \u00e0 propos du r\u00f4le de l\u2019antenne, il d\u00e9montre qu\u2019un fort amortissement est favorable aux transmissions lointaines. Enfin page 104\/105 dans l\u2019\u00e9tude du transmetteur de Marconi, o\u00f9 les ondulations \u00e0 transmettre ne sont pas transmise directement, mais \u00e0 travers un transformateur, il a montr\u00e9 exp\u00e9rimentalement que l\u2019amortissement \u00e9tait plus faible que dans la transmission directe. Poincar\u00e9 qualifie Tissot de \u00ab&nbsp;<strong>savant officier<\/strong>&nbsp;\u00bb, l\u2019hommage n\u2019est pas mince. Avec Ferri\u00e9, il joue un r\u00f4le important dans la mise en place des \u00e9missions de signaux Horaires par la tour Eiffel (pour un marin c\u2019est une contribution forte \u00e0 la solution de la d\u00e9termination des longitudes). En relation avec Ducretet, il dote la marine fran\u00e7aise d\u2019un \u00e9quipement de t\u00e9l\u00e9graphie de premier plan. Utilis\u00e9 par sa hi\u00e9rarchie sans m\u00e9nagement pendant la guerre, il d\u00e9c\u00e8de de la tuberculose \u00e0 49 ans en 1917.<\/p>\n\n\n\n<p class=\"has-vivid-red-color has-text-color has-medium-font-size\">R\u00e9ginald Fessenden<\/p>\n\n\n\n<p>1866 &#8211; 1932<\/p>\n\n\n\n<p>Il est le premier en 1900 \u00e0 transmettre la voix. Et en 1906 il r\u00e9alise une \u00e9mission de radio combinant voix et musique. En 1902, il \u00e9tablit le principe de l\u2019h\u00e9t\u00e9rodyne sans pouvoir le mettre r\u00e9ellement en \u0153uvre.<\/p>\n\n\n\n<p class=\"has-vivid-red-color has-text-color has-medium-font-size\">John Ambrose Fleming<\/p>\n\n\n\n<p>1849 &#8211; 1945<\/p>\n\n\n\n<p>Il \u00e9tudie dans un laboratoire Londonien de la compagnie Edison l\u2019effet Edison. Il en tirera le brevet de la valve en novembre 1904. Il s\u2019en servi comme d\u00e9tecteur d\u2019onde. C\u2019est le d\u00e9but de l\u2019\u00e9lectronique \u00e0 tube.<\/p>\n\n\n\n<p class=\"has-vivid-red-color has-text-color has-medium-font-size\">Lee de Forest<\/p>\n\n\n\n<p>1873 &#8211; 1961<\/p>\n\n\n\n<div class=\"wp-block-image\"><figure class=\"aligncenter size-large\"><img loading=\"lazy\" decoding=\"async\" width=\"190\" height=\"265\" src=\"https:\/\/armorhistel.org\/centansdelaradio\/wp-content\/uploads\/2021\/06\/image-7.jpeg\" alt=\"Lee De Forest - Wikimonde\" class=\"wp-image-138\"\/><\/figure><\/div>\n\n\n\n<p>Il d\u00e9pose en 1907 le brevet de la lampe \u00e0 trois \u00e9lectrodes sous le nom d\u2019Audion, c\u2019est une lampe thermo\u00efonique. Il s\u2019en sert fin 1907 pour faire avec la marine am\u00e9ricaine des exp\u00e9riences de t\u00e9l\u00e9phonie sans fil. &nbsp;Son brevet finit par \u00eatre rachet\u00e9 par la Bell, qui entreprend de la transformer en tube \u00e9lectronique \u00e0 vide. Il permettra de r\u00e9aliser les amplificateurs utilis\u00e9s pour \u00e9tablir en janvier 1915 la communication transcontinentale New York- San-Francisco.&nbsp; &nbsp;Les ann\u00e9es 1910 et 1920 virent la multiplication des mod\u00e8les de tubes \u00e0 vide d\u00e9riv\u00e9s de l\u2019audion. Augmentation du nombre de grilles, jusqu\u2019\u00e0 6 (octode), augmentation de la puissance de quelques watts \u00e0 la dizaine de Kilowatt, augmentation de la fr\u00e9quence d\u2019utilisation qui permet d\u2019acc\u00e9der aux ondes courtes, puis aux hyper fr\u00e9quences (faisceaux Hertziens, radar), tubes multifonctions, diode\/triode, double triode etc..<\/p>\n\n\n\n<p class=\"has-vivid-red-color has-text-color has-medium-font-size\">Raymond Braillard<\/p>\n\n\n\n<p>1888 &#8211; 1945<\/p>\n\n\n\n<p>Collaborateur de Girardeau avec lequel il travaille au Congo, Il r\u00e9alise avec R Goldchmitt, \u00e0 Bruxelles le 28 mars 1914 la premi\u00e8re \u00e9mission radiophonique europ\u00e9enne depuis le poste de Laeken.<\/p>\n\n\n\n<p class=\"has-vivid-red-color has-text-color has-medium-font-size\">Lucien Levy<\/p>\n\n\n\n<p>1892 &#8211; 1965<\/p>\n\n\n\n<p>On a vu qu\u2019il avait construit en 1915 avec Louis de Broglie les premiers amplificateurs BF. En 1917, il met au point le montage super h\u00e9t\u00e9rodyne. Celui-ci cr\u00e9e un battement entre une onde re\u00e7ue modul\u00e9e et une onde produite localement. L\u2019onde produite localement pr\u00e9sente un \u00e9cart de fr\u00e9quence identique avec la fr\u00e9quence re\u00e7ue quelle que soit celle-ci. Il en r\u00e9sulte une onde modul\u00e9e \u00e0 fr\u00e9quence dite interm\u00e9diaire plus faible que celle re\u00e7ue, donc plus facile \u00e0 amplifier avec les moyens de l\u2019\u00e9poque.<\/p>\n\n\n\n<p>Apr\u00e8s la guerre il fonde les \u00e9tablissements Radio L.L qui produisent des appareils de TSF (particuli\u00e8rement recherch\u00e9s aujourd\u2019hui) mais aussi une station de radio en 1926. Rachet\u00e9e par M Bleustein elle deviendra Radio-Cit\u00e9.<\/p>\n<\/div>\n\n\n\n<div class=\"wp-block-column is-layout-flow wp-block-column-is-layout-flow\">\n<p class=\"has-vivid-red-color has-text-color has-medium-font-size\">Alexandre Popov<\/p>\n\n\n\n<p>1859 &#8211; 1905<\/p>\n\n\n\n<div class=\"wp-block-image\"><figure class=\"aligncenter is-resized\"><img loading=\"lazy\" decoding=\"async\" src=\"https:\/\/th.bing.com\/th?q=Popov+Alexander+Stepanovich&amp;w=120&amp;h=120&amp;c=1&amp;rs=1&amp;qlt=90&amp;cb=1&amp;pid=InlineBlock&amp;mkt=fr-FR&amp;adlt=moderate&amp;t=1&amp;mw=247\" alt=\"Popov Alexander Stepanovich\" width=\"218\" height=\"218\"\/><\/figure><\/div>\n\n\n\n<p><strong>Le premier r\u00e9cepteur radio<\/strong><\/p>\n\n\n\n<div class=\"wp-block-group\"><div class=\"wp-block-group__inner-container is-layout-flow wp-block-group-is-layout-flow\">\n<div class=\"wp-block-group\"><div class=\"wp-block-group__inner-container is-layout-flow wp-block-group-is-layout-flow\">\n<p>Popov a r\u00e9alis\u00e9 ce que l\u2019on peut consid\u00e9rer comme le premier r\u00e9cepteur d\u2019ondes \u00e9lectromagn\u00e9tiques, il s\u2019en fallut de peu qu\u2019il soit consid\u00e9r\u00e9 comme le cr\u00e9ateur de la T.S.F, ce qui est partiellement le cas. Pendant 7 ans il entretient avec Ducretet une correspondance suivie. Parmi celle-ci on trouve deux lettres int\u00e9ressantes.  La premi\u00e8re est dat\u00e9e du 10 Janvier 1898, elle est adress\u00e9e \u00e0 monsieur A Popoff, observatoire m\u00e9t\u00e9orologique de l\u2019institut forestier de St P\u00e9tersbourg Russie. La seconde du 24 f\u00e9vrier 1898 est adress\u00e9e \u00e0 Monsieur A Popoff, professeur de physique \u00e0 l\u2019\u00e9cole des ing\u00e9nieurs de la marine \u00e0 Cronstadt Russie. Changement d\u2019adresse \u00e0 1 mois et demi d\u2019intervalle. Mon hypoth\u00e8se est que nous nous trouvons au moment, sans doute un peu avant le 10 janvier 1898, o\u00f9 Popov est pass\u00e9 de chercheur en m\u00e9t\u00e9orologie \u00e0 celui de physicien sp\u00e9cialiste de la TSF, et ce quelques mois apr\u00e8s les exp\u00e9riences de Marconi dans le canal de Bristol. Elles avaient prouv\u00e9 que l\u2019on disposait maintenant du g\u00e9n\u00e9rateur efficace d\u2019ondes qu\u2019il avait jug\u00e9 n\u00e9cessaire \u00e0 la construction du mat\u00e9riel permettant les liaisons vers les navires. Que ce soit \u00e0 son initiative, ou que ce soit parce que la hi\u00e9rarchie avait pris conscience qu\u2019elle disposait en lui d\u2019un sp\u00e9cialiste d\u00e9j\u00e0 exp\u00e9riment\u00e9, le r\u00e9sultat est qu\u2019il va maintenant pouvoir se consacrer \u00e0 la T.S.F. \u00a0Il a aussi mis au point le premier r\u00e9cepteur t\u00e9l\u00e9phonique de d\u00e9p\u00eache, la r\u00e9ception au son, brevet\u00e9 avec l\u2019aide de Ducretet. D\u00e9but 1900 Il \u00e9quipe de mat\u00e9riel Popov-Ducretet 12 navires de guerre russe. Il cr\u00e9e aussi un atelier russe de fabrication d\u2019appareils de T.S.F. Le 6 f\u00e9vrier 1900, il effectue une liaison radio de 50km avec l\u2019ile de Hogland en Finlande pour un sauvetage de marins.<\/p>\n<\/div><\/div>\n<\/div><\/div>\n\n\n\n<p class=\"has-vivid-red-color has-text-color has-medium-font-size\">Nikola Tesla<\/p>\n\n\n\n<p>1856 &#8211; 1943<\/p>\n\n\n\n<p>Auteur d\u2019une multitude d\u2019innovations dans le domaine de l\u2019\u00e9lectricit\u00e9. On retiendra la bobine de tesla dont d\u00e9rive la bobine oudin utilis\u00e9e en T.S.F. Il d\u00e9crit en 1917 le principe du radar.<\/p>\n\n\n\n<p class=\"has-vivid-red-color has-text-color has-medium-font-size\">Ferdinand Braun<\/p>\n\n\n\n<p>1850 &#8211; 1918<\/p>\n\n\n\n<p>On lui doit deux innovations importantes&nbsp;: 1) l\u2019attaque de l\u2019antenne \u00e0 travers un transformateur, ce qui augmente consid\u00e9rablement (de 3 ou 4 \u00e0 10) le nombre d\u2019alternances d\u2019une \u00e9tincelle, 2) la capacit\u00e9 de la gal\u00e8ne \u00e0 d\u00e9tecter les ondes \u00e9lectromagn\u00e9tiques&nbsp;; Il est Co-titulaire avec G Marconi du prix Nobel de physique de 1909.<\/p>\n\n\n\n<p class=\"has-vivid-red-color has-text-color has-medium-font-size\">Eug\u00e8ne Ducretet<\/p>\n\n\n\n<p>1844 &#8211; 1915<\/p>\n\n\n\n<div class=\"wp-block-image\"><figure class=\"aligncenter size-large\"><img loading=\"lazy\" decoding=\"async\" width=\"184\" height=\"273\" src=\"https:\/\/armorhistel.org\/centansdelaradio\/wp-content\/uploads\/2021\/06\/image-5.jpeg\" alt=\"Eug\u00e8ne Ducretet \u2014 Wikip\u00e9dia\" class=\"wp-image-136\"\/><\/figure><\/div>\n\n\n\n<p>Entrepreneur autodidacte, il aborde de nombreux aspects de la m\u00e9canique de pr\u00e9cision et de l\u2019\u00e9lectricit\u00e9. Il fournit des appareillages \u00e0 la marine et est en relation avec C P Tissot. Apr\u00e8s les travaux de hertz il fabrique des appareils reproduisant ces exp\u00e9riences. En novembre 1898 il r\u00e9alise une liaison entre la tour Eiffel et le Panth\u00e9on. Il entre en relation en 1898 avec A Popov. Une fructueuse collaboration d\u2019\u00e9tablit entre les deux hommes qui donnera lieu \u00e0 l\u2019appareil nomm\u00e9 Ducretet-Popov. &nbsp;Il r\u00e9alise en particulier l\u2019accord des circuits \u00e9metteurs et r\u00e9cepteur, ce qui est appel\u00e9 \u00e0 l\u2019\u00e9poque la syntonie. Son atelier, qui n\u2019a rien \u00e0 voir en importance avec ceux de Marconi, innove, produit et exporte du mat\u00e9riel t\u00e9l\u00e9graphique. Enfin, en avril 1908, G Ferri\u00e9 absent de Paris pour cause de participation au Maroc \u00e0 la campagne de la Chaou\u00efa, il accompagne, en compagnie de Brenot, Lee De Forest&nbsp; \u00e0 la Tour Eiffel, o\u00f9 ce dernier r\u00e9alise une \u00e9mission de radio t\u00e9l\u00e9phonie, elle sera re\u00e7ue jusque Marseille&nbsp;!<\/p>\n\n\n\n<p class=\"has-vivid-red-color has-text-color has-medium-font-size\">Gustave Ferri\u00e9<\/p>\n\n\n\n<p>1868 &#8211; 1932<\/p>\n\n\n\n<div class=\"wp-block-image\"><figure class=\"aligncenter size-large\"><img loading=\"lazy\" decoding=\"async\" width=\"197\" height=\"256\" src=\"https:\/\/armorhistel.org\/centansdelaradio\/wp-content\/uploads\/2021\/06\/image-6.jpeg\" alt=\"Gustave Ferri\u00e9 \u2014 Wikip\u00e9dia\" class=\"wp-image-137\"\/><\/figure><\/div>\n\n\n\n<p>Gustave Ferri\u00e9, officier du g\u00e9nie, va s\u2019immerger dans la TSF. L\u2019occasion lui sera donn\u00e9e par une demande Marconi au gouvernement fran\u00e7ais d\u2019autoriser des essais entre la France et l\u2019Angleterre. L\u2019accord est conclu et il est convenu qu\u2019une commission fran\u00e7aise accompagnera les essais. Elle est compos\u00e9e des deux attach\u00e9s militaires \u00e0 Londres, pour la marine le commandant Fieron, pour l\u2019arm\u00e9e de terre le colonel Comte Jules du Pontavice de Heussey, un repr\u00e9sentant du minist\u00e8re des P.T.T L\u2019ing\u00e9nieur Jules Voisenat, un repr\u00e9sentant du g\u00e9nie militaire, ce sera G Ferri\u00e9, qui r\u00e9digera le rapport de la mission d\u2019observation. Ce rapport impressionnera ses lecteurs, et vaudra \u00e0 son auteur d\u2019\u00eatre convoqu\u00e9 par le ministre de la Guerre Charles de Freycinet. A la question du ministre \u00ab&nbsp;croyez-vous que l\u2019on puisse en France, sans le secours de l\u2019\u00e9tranger, r\u00e9aliser des applications militaires de la T.S.F\u2026&nbsp;\u00bb Il r\u00e9pond&nbsp;:&nbsp;\u00ab&nbsp;certainement oui monsieur le ministre&nbsp;\u00bb.<\/p>\n\n\n\n<p>Son avenir est alors trac\u00e9, qui sera \u00e0 la fois scientifique, technologique et militaire, dans le domaine de la T.S.F.<\/p>\n\n\n\n<p>Il sera \u00e0 l\u2019origine avec Tissot de l\u2019\u00e9mission des signaux horaire par la Tour Eiffel puis de la diffusion d\u2019informations m\u00e9t\u00e9orologiques. Ferri\u00e9 d\u00e9plore l\u2019absence en France d\u2019une entreprise analogue \u00e0 la Marconi\u2019s (1897) ou \u00e0 la T\u00e9l\u00e9funken allemande (1903), il favorise la cr\u00e9ation par \u00c9mile Girardeau en 1910 de la Soci\u00e9t\u00e9 Fran\u00e7aise Radio\u00e9lectrique, qui deviendra plus tard la C.S.F.<\/p>\n\n\n\n<p>Il \u00e9quipe l\u2019arm\u00e9e fran\u00e7aise, en retard sur l\u2019arm\u00e9e allemande au d\u00e9but de la grande guerre d\u2019un \u00e9quipement de T.S.F puis de t\u00e9l\u00e9phonie sans fil performant qui \u00e9quipera aussi les arm\u00e9es alli\u00e9es y compris l\u2019aviation am\u00e9ricaine.<\/p>\n\n\n\n<p>Ayant obtenu gr\u00e2ce \u00e0 sa contribution \u00e0 la victoire de la Marne le retrait du front des ing\u00e9nieurs et physiciens sp\u00e9cialistes mobilis\u00e9s parfois en premi\u00e8re ligne, il constitue des services d\u2019\u00e9tudes et d\u2019exp\u00e9rimentations.<\/p>\n\n\n\n<p>Il y sera en particulier d\u00e9velopp\u00e9 la triode appel\u00e9e Lampe TM pour T\u00e9l\u00e9graphie Militaire. Ayant r\u00e9cup\u00e9r\u00e9 dans des conditions rocambolesques un mod\u00e8le allemand d\u2019audion, gr\u00e2ce au travail de Peri, Abraham, Biguet et la soci\u00e9t\u00e9 Grammont, ils mettent au point ce qui sera la meilleure triode de la guerre, \u00e0 partir de 1917 il en est produit 1000 par jours.<\/p>\n\n\n\n<p>Ils construisent (Louis de Broglie, et Lucien Levy) les premiers amplificateurs BF \u00e0 tube et des r\u00e9cepteurs de bord pour avion.<\/p>\n\n\n\n<p>Apr\u00e8s la guerre, il poursuit sa t\u00e2che en France et dans de nombreuses institutions internationales. Et en 1930, le sch\u00e9ma de d\u00e9ploiement de la radiodiffusion en France, \u00e9tabli \u00e0 la demande du gouvernement sera appel\u00e9 Plan Ferri\u00e9,<\/p>\n\n\n\n<p class=\"has-vivid-red-color has-text-color has-medium-font-size\">Emile Girardeau<\/p>\n\n\n\n<p>1882 &#8211; 1970<\/p>\n\n\n\n<div class=\"wp-block-image\"><figure class=\"aligncenter size-large\"><img loading=\"lazy\" decoding=\"async\" width=\"200\" height=\"200\" src=\"https:\/\/armorhistel.org\/centansdelaradio\/wp-content\/uploads\/2021\/06\/image-8.jpeg\" alt=\"G\u00e9n\u00e9alogie de Emile GIRARDEAU - Geneastar\" class=\"wp-image-139\" srcset=\"https:\/\/www.armorhistel.org\/centansdelaradio\/wp-content\/uploads\/2021\/06\/image-8.jpeg 200w, https:\/\/www.armorhistel.org\/centansdelaradio\/wp-content\/uploads\/2021\/06\/image-8-150x150.jpeg 150w, https:\/\/www.armorhistel.org\/centansdelaradio\/wp-content\/uploads\/2021\/06\/image-8-100x100.jpeg 100w\" sizes=\"(max-width: 200px) 100vw, 200px\" \/><\/figure><\/div>\n\n\n\n<p>Avec Bethenod, 1883\/1944, ancien assistant du physicien Andr\u00e9 Blondel, il cr\u00e9e la Soci\u00e9t\u00e9 Fran\u00e7aise radio\u00e9lectrique le 3 avril 1910, apr\u00e8s une premi\u00e8re tentative avort\u00e9e en octobre 1908. Il d\u00e9veloppe des alternateurs \u00e0 fr\u00e9quence musicale (id\u00e9e de Blondel) qui donnent des signaux morse beaucoup plus identifiables dans le bruit qui caract\u00e9risent \u00e0 ce moment les transmissions t\u00e9l\u00e9graphiques, c\u2019est pour r\u00e9aliser une liaison t\u00e9l\u00e9graphique au Congo que les mat\u00e9riels furent mis au point. La r\u00e9ussite conduisit divers pays \u00e9trangers \u00e0 commander le mat\u00e9riel, Belgique, Mexique Turquie, Russie, Chine etc.. .<\/p>\n\n\n\n<p>Jusqu\u2019alors, tous les appareils de radiot\u00e9l\u00e9graphie \u00e9taient cr\u00e9\u00e9s par Ducretet ou par les militaires, quand \u00e0 la production en s\u00e9rie, elle \u00e9tait assur\u00e9e par des artisans (Jules Carpentier, Adolphe Gaiffe, Rochefort). Girardeau jouera un r\u00f4le important dans la production des \u00e9metteurs et r\u00e9cepteurs utilis\u00e9s pendant la premi\u00e8re guerre. Ensuite, avec la CSF cr\u00e9e en 1918, construction de la station de Sainte Assise qui atteint au maximum des possibilit\u00e9s des ondes longues, on passe \u00e0 la t\u00e9l\u00e9phonie sans fil et \u00e0 la radiodiffusion. Pour le passage aux ondes ultra-courtes, mise au point des magn\u00e9trons fonctionnant sur 70-80 cm de longueur d\u2019onde. Premiers faisceaux hertzien (Calais Douvres, Nice Bastia) et \u00e9quipement de navires de la Compagnie G\u00e9n\u00e9rale Transatlantique en radar anti-collision (l\u2019Oregon&nbsp; et le Normandie).<\/p>\n<\/div>\n<\/div>\n","protected":false},"excerpt":{"rendered":"<p>Guglielmo Marconi 1874 &#8211; 1937 Les premiers \u00e9metteurs radio M\u00e9diocre \u00e9tudiant du professeur Righi, il s\u2019int\u00e9resse t\u00f4t aux applications pratiques des ondes \u00e9lectromagn\u00e9tiques. Apr\u00e8s des exp\u00e9riences men\u00e9es avec ses ressources propres, dans la villa de ses parents et ensuite en Suisse, il recherche un financement externe. Apr\u00e8s avoir \u00e9t\u00e9 \u00e9conduit par le minist\u00e8re des PTT &hellip; <\/p>\n<p class=\"link-more\"><a href=\"https:\/\/www.armorhistel.org\/centansdelaradio\/index.php\/les-pionniers\/\" class=\"more-link\">Continuer la lecture<span class=\"screen-reader-text\"> de &laquo;&nbsp;Les pionniers&nbsp;&raquo;<\/span><\/a><\/p>\n","protected":false},"author":1,"featured_media":0,"parent":0,"menu_order":0,"comment_status":"closed","ping_status":"closed","template":"","meta":{"footnotes":""},"_links":{"self":[{"href":"https:\/\/www.armorhistel.org\/centansdelaradio\/index.php\/wp-json\/wp\/v2\/pages\/119"}],"collection":[{"href":"https:\/\/www.armorhistel.org\/centansdelaradio\/index.php\/wp-json\/wp\/v2\/pages"}],"about":[{"href":"https:\/\/www.armorhistel.org\/centansdelaradio\/index.php\/wp-json\/wp\/v2\/types\/page"}],"author":[{"embeddable":true,"href":"https:\/\/www.armorhistel.org\/centansdelaradio\/index.php\/wp-json\/wp\/v2\/users\/1"}],"replies":[{"embeddable":true,"href":"https:\/\/www.armorhistel.org\/centansdelaradio\/index.php\/wp-json\/wp\/v2\/comments?post=119"}],"version-history":[{"count":13,"href":"https:\/\/www.armorhistel.org\/centansdelaradio\/index.php\/wp-json\/wp\/v2\/pages\/119\/revisions"}],"predecessor-version":[{"id":338,"href":"https:\/\/www.armorhistel.org\/centansdelaradio\/index.php\/wp-json\/wp\/v2\/pages\/119\/revisions\/338"}],"wp:attachment":[{"href":"https:\/\/www.armorhistel.org\/centansdelaradio\/index.php\/wp-json\/wp\/v2\/media?parent=119"}],"curies":[{"name":"wp","href":"https:\/\/api.w.org\/{rel}","templated":true}]}}