{"id":127,"date":"2021-06-25T19:16:33","date_gmt":"2021-06-25T17:16:33","guid":{"rendered":"https:\/\/armorhistel.org\/centansdelaradio\/?page_id=127"},"modified":"2023-08-01T10:34:53","modified_gmt":"2023-08-01T08:34:53","slug":"le-temps-du-numerique","status":"publish","type":"page","link":"https:\/\/www.armorhistel.org\/centansdelaradio\/index.php\/le-temps-du-numerique\/","title":{"rendered":"Le temps du num\u00e9rique"},"content":{"rendered":"\n<hr class=\"wp-block-separator\"\/>\n\n\n\n<p class=\"has-text-align-center has-luminous-vivid-orange-color has-text-color has-background has-medium-font-size\" style=\"background-color:#dce9ee;line-height:2.2\">Le DAB ou la Radio Num\u00e9rique Terrestre<\/p>\n\n\n\n<p class=\"has-text-align-center has-vivid-red-color has-text-color has-medium-font-size\">1982<\/p>\n\n\n\n<div class=\"wp-block-columns is-layout-flex wp-container-core-columns-layout-1 wp-block-columns-is-layout-flex\">\n<div class=\"wp-block-column is-layout-flow wp-block-column-is-layout-flow\" style=\"flex-basis:66.66%\">\n<p>En ao\u00fbt 1982, Philips et Sony s\u2019associent pour cr\u00e9er <strong>le Compact Disc audio (CD)<\/strong>. Contrairement au disque vinyle sur lequel le signal audio est grav\u00e9 en format analogique, le signal est enregistr\u00e9 dans un format num\u00e9rique, sans compression.<\/p>\n\n\n\n<p>Le CCETT (Centre Commun d\u2019\u00c9tudes de T\u00e9l\u00e9diffusion et T\u00e9l\u00e9communications) commence les travaux sur la compression et la d\u00e9compression du signal audio, dans le but de r\u00e9duire suffisamment le volume de donn\u00e9es num\u00e9riques pour pouvoir les transmettre ou les stocker efficacement. <strong>Il \u00e9labore &nbsp;avec l\u2019IRT et Philips la solution Musicam dont sera issue la fameuse norme MP3.<\/strong><\/p>\n<\/div>\n\n\n\n<div class=\"wp-block-column is-layout-flow wp-block-column-is-layout-flow\" style=\"flex-basis:33.33%\">\n<div class=\"wp-block-image\"><figure class=\"aligncenter size-large\"><img loading=\"lazy\" decoding=\"async\" width=\"189\" height=\"189\" src=\"https:\/\/armorhistel.org\/centansdelaradio\/wp-content\/uploads\/2021\/09\/image.png\" alt=\"\" class=\"wp-image-189\" srcset=\"https:\/\/www.armorhistel.org\/centansdelaradio\/wp-content\/uploads\/2021\/09\/image.png 189w, https:\/\/www.armorhistel.org\/centansdelaradio\/wp-content\/uploads\/2021\/09\/image-150x150.png 150w, https:\/\/www.armorhistel.org\/centansdelaradio\/wp-content\/uploads\/2021\/09\/image-100x100.png 100w\" sizes=\"(max-width: 189px) 100vw, 189px\" \/><\/figure><\/div>\n<\/div>\n<\/div>\n\n\n\n<p class=\"has-text-align-center has-vivid-red-color has-text-color has-medium-font-size\">1987<\/p>\n\n\n\n<div class=\"wp-block-image\"><figure class=\"alignleft size-large\"><img loading=\"lazy\" decoding=\"async\" width=\"253\" height=\"152\" src=\"https:\/\/armorhistel.org\/centansdelaradio\/wp-content\/uploads\/2021\/09\/image-1.png\" alt=\"\" class=\"wp-image-190\"\/><\/figure><\/div>\n\n\n\n<p>En 1985, est lanc\u00e9 <strong>le programme Eureka<\/strong> visant \u00e0 renforcer la comp\u00e9titivit\u00e9 de l\u2019industrie europ\u00e9enne. Dans ce cadre est lanc\u00e9 <strong>le projet 147<\/strong>, port\u00e9 par une association d\u2019op\u00e9rateurs et industriels dont fait partie le CCETT. Il a pour objectif de d\u00e9finir la norme de diffusion de radio num\u00e9rique connue sous le nom de&nbsp;\u00ab&nbsp; <strong>DAB, Digital Audio Broadcasting&nbsp;\u00bb<\/strong>.<\/p>\n\n\n\n<p>La solution Musicam est adopt\u00e9e par le projet et propos\u00e9e \u00e0 l\u2019ISO MPEG qui la valide sous le nom de MPEG 1 &#8211; Layer 2 ou MP2 puis la fait \u00e9voluer vers la <strong>fameuse norme MP3<\/strong>.<\/p>\n\n\n\n<div class=\"wp-block-columns is-layout-flex wp-container-core-columns-layout-2 wp-block-columns-is-layout-flex\">\n<div class=\"wp-block-column is-layout-flow wp-block-column-is-layout-flow\" style=\"flex-basis:100%\"><\/div>\n<\/div>\n\n\n\n<p>Quant \u00e0 la technique de diffusion num\u00e9rique, c\u2019est une solution particuli\u00e8rement innovante qui est adopt\u00e9e&nbsp;:&nbsp; &nbsp;<strong>le COFDM<\/strong> (Coded Orthogonal Frequency Division Multiplexing) combinant un multiplexage en temps et en fr\u00e9quence. \u00c9conomie de fr\u00e9quences, augmentation du nombre de programmes accessibles, simplification de la &nbsp;couverture g\u00e9ographique, int\u00e9gration dans la chaine de traitement num\u00e9rique&nbsp;: les avantages du DAB sont nombreux, les principaux \u00e9tant l\u2019excellente qualit\u00e9 d\u2019\u00e9coute et l\u2019enrichissement des contenus.<\/p>\n\n\n\n<p>Les retomb\u00e9es de ces technologies sont nombreuses&nbsp;: <strong>le MP3<\/strong> est aujourd\u2019hui le format d\u2019\u00e9change majoritaire de la musique et a permis l\u2019explosion des services. Le COFDM est devenu essentiel dans toutes les transmissions en conditions difficiles&nbsp;: \u00e0 la base de <strong>la TNT<\/strong>, il est pr\u00e9sent dans le <strong>Wifi, l\u2019ADSL, la radiot\u00e9l\u00e9phonie mobile (\u00e0 partir de la 4G).<\/strong><\/p>\n\n\n\n<p><strong><a href=\"https:\/\/armorhistel.org\/centansdelaradio\/index.php\/la-radio-numerique-terrestre\/\">&nbsp;Consultez le d\u00e9tail de ces technologies et leur histoire <\/a><\/strong><\/p>\n\n\n\n<p class=\"has-text-align-center has-vivid-red-color has-text-color has-medium-font-size\">1992<\/p>\n\n\n\n<p>Le groupe de travail du programme Eureka, dans lequel \u0153uvre le CCETT, ach\u00e8ve en 1992 la sp\u00e9cification du <strong>codage MPEG-1\/2 Layer 3 ou MP3<\/strong>; il am\u00e9liore la qualit\u00e9 et le rendement du MP2 et permet \u2018de passer \u00e0 un taux de compression inf\u00e9rieur \u00e0 1 pour 10. Ce type de codage conna\u00eetra un tr\u00e8s grand succ\u00e8s et deviendra le format de fichier audio de tr\u00e8s loin le plus utilis\u00e9.<\/p>\n\n\n\n<p class=\"has-text-align-center has-vivid-red-color has-text-color has-medium-font-size\">1995<\/p>\n\n\n\n<p>La premi\u00e8re version de la norme DAB, comprenant les sp\u00e9cifications du codage du son au format MPEG-1 Layer 2 et du syst\u00e8me de transmission COFDM, est \u00e9dit\u00e9e par l\u2019ETSI (European Telecommunication Standards Institute). Le CCETT a assur\u00e9 la pr\u00e9sidence du groupe de r\u00e9daction de ce standard.<\/p>\n\n\n\n<p class=\"has-text-align-center has-vivid-red-color has-text-color has-medium-font-size\">2007<\/p>\n\n\n\n<div class=\"wp-block-image\"><figure class=\"alignleft size-large\"><img loading=\"lazy\" decoding=\"async\" width=\"162\" height=\"109\" src=\"https:\/\/armorhistel.org\/centansdelaradio\/wp-content\/uploads\/2021\/09\/image-2.png\" alt=\"\" class=\"wp-image-192\"\/><\/figure><\/div>\n\n\n\n<p>En 2007, <strong>le DAB devient le DAB+ :<\/strong> celui-ci am\u00e9liore la qualit\u00e9 audio et la robustesse du signal transmis, gr\u00e2ce \u00e0 l\u2019impl\u00e9mentation d\u2019un nouveau codage du signal audio&nbsp; plus performant (le HE-AAC version 2 d\u00e9fini dans la norme MPEG-4 Part 3) et d\u2019un code correcteur d\u2019erreurs suppl\u00e9mentaire.<\/p>\n\n\n\n<p class=\"has-text-align-center has-vivid-red-color has-text-color has-medium-font-size\">2014<\/p>\n\n\n\n<p>Si<strong> la diffusion du DAB <\/strong>a commenc\u00e9 en 2000 au Royaume-Uni et ensuite dans diff\u00e9rents pays europ\u00e9ens, il faut attendre 2014 pour que son d\u00e9ploiement commence en France ; celui-ci devrait s\u2019achever en 2024.<\/p>\n\n\n\n<hr class=\"wp-block-separator\"\/>\n\n\n\n<p class=\"has-text-align-center has-luminous-vivid-orange-color has-text-color has-background has-medium-font-size\" style=\"background-color:#c9deeb\">La radio sur le WEB<\/p>\n\n\n\n<p class=\"has-text-align-center has-luminous-vivid-orange-color has-text-color has-medium-font-size\">1998<\/p>\n\n\n\n<p>En 1998, les r\u00e9seaux IP (Internet Protocol) commencent \u00e0 se d\u00e9ployer de fa\u00e7on significative. Mais ils v\u00e9hiculent \u00e0 cette \u00e9poque essentiellement des flux textes, images et fichiers.<\/p>\n\n\n\n<p>Sont alors d\u00e9finis des protocoles permettant de transporter des flux audio et\/ou vid\u00e9o en temps r\u00e9el: RTP (Real-time Transfer Protocol) et RTSP (Real-time Transfer Streaming Protocol).<\/p>\n\n\n\n<p>Au d\u00e9but des ann\u00e9es 2000, une architecture est mise en place pour acheminer <strong>des programmes Radio<\/strong> sur le net vers des PC ou des r\u00e9cepteurs radio sp\u00e9cifiques. L\u2019architecture de diffusion est la suivante: le flux audio est \u00e9mis vers un serveur de streaming; une session est \u00e9tablie \u00e0 la demande entre le serveur de streaming et l\u2019\u00e9quipement de l\u2019auditeur.<\/p>\n\n\n\n<figure class=\"wp-block-image size-full is-resized\"><img loading=\"lazy\" decoding=\"async\" src=\"https:\/\/armorhistel.org\/centansdelaradio\/wp-content\/uploads\/2021\/09\/image-3.png\" alt=\"\" class=\"wp-image-194\" width=\"783\" height=\"364\" srcset=\"https:\/\/www.armorhistel.org\/centansdelaradio\/wp-content\/uploads\/2021\/09\/image-3.png 602w, https:\/\/www.armorhistel.org\/centansdelaradio\/wp-content\/uploads\/2021\/09\/image-3-300x140.png 300w\" sizes=\"(max-width: 767px) 89vw, (max-width: 1000px) 54vw, (max-width: 1071px) 543px, 580px\" \/><\/figure>\n\n\n\n<p><strong>Le podcasting <\/strong>est une contraction de \u201cipod\u201d et \u201cbroadcasting\u201d. Ce service est apparu d\u00e8s l\u2019av\u00e8nement de la radio sur le WEB. Il a \u00e9t\u00e9 popularis\u00e9 par l\u2019IPOD d\u2019Apple et s\u2019est g\u00e9n\u00e9ralis\u00e9 surtout sur les baladeurs num\u00e9riques. Il&nbsp; consiste \u00e0 t\u00e9l\u00e9charger de fa\u00e7on automatique ou \u00e0 la demande une \u00e9mission sur un baladeur num\u00e9rique, un smartphone ou un \u00e9quipement informatique, que l\u2019auditeur peut \u00e9couter en diff\u00e9r\u00e9.<\/p>\n\n\n\n<p class=\"has-text-align-center has-vivid-red-color has-text-color has-medium-font-size\">2008<\/p>\n\n\n\n<div class=\"wp-block-columns is-layout-flex wp-container-core-columns-layout-3 wp-block-columns-is-layout-flex\">\n<div class=\"wp-block-column is-layout-flow wp-block-column-is-layout-flow\">\n<p>Les t\u00e9l\u00e9phones mobiles \u00e9taient, depuis leur apparition, pour la plupart dot\u00e9s d\u2019un tuner FM. Avec <strong>l\u2019arriv\u00e9e des smartphones<\/strong> Iphone puis Android et Windows Phone et l\u2019impl\u00e9mentation d\u2019un applicatif appel\u00e9 \u201cPlayer\u201d, les webradios ont connu un essor consid\u00e9rable&nbsp; sur ces supports.<\/p>\n<\/div>\n\n\n\n<div class=\"wp-block-column is-layout-flow wp-block-column-is-layout-flow\">\n<div class=\"wp-block-image\"><figure class=\"aligncenter size-full is-resized\"><img loading=\"lazy\" decoding=\"async\" src=\"https:\/\/armorhistel.org\/centansdelaradio\/wp-content\/uploads\/2021\/09\/image-4.png\" alt=\"\" class=\"wp-image-197\" width=\"171\" height=\"349\"\/><\/figure><\/div>\n<\/div>\n<\/div>\n\n\n\n<p><\/p>\n","protected":false},"excerpt":{"rendered":"<p>Le DAB ou la Radio Num\u00e9rique Terrestre 1982 En ao\u00fbt 1982, Philips et Sony s\u2019associent pour cr\u00e9er le Compact Disc audio (CD). Contrairement au disque vinyle sur lequel le signal audio est grav\u00e9 en format analogique, le signal est enregistr\u00e9 dans un format num\u00e9rique, sans compression. Le CCETT (Centre Commun d\u2019\u00c9tudes de T\u00e9l\u00e9diffusion et T\u00e9l\u00e9communications) &hellip; <\/p>\n<p class=\"link-more\"><a href=\"https:\/\/www.armorhistel.org\/centansdelaradio\/index.php\/le-temps-du-numerique\/\" class=\"more-link\">Continuer la lecture<span class=\"screen-reader-text\"> de &laquo;&nbsp;Le temps du num\u00e9rique&nbsp;&raquo;<\/span><\/a><\/p>\n","protected":false},"author":1,"featured_media":0,"parent":0,"menu_order":0,"comment_status":"closed","ping_status":"closed","template":"","meta":{"footnotes":""},"_links":{"self":[{"href":"https:\/\/www.armorhistel.org\/centansdelaradio\/index.php\/wp-json\/wp\/v2\/pages\/127"}],"collection":[{"href":"https:\/\/www.armorhistel.org\/centansdelaradio\/index.php\/wp-json\/wp\/v2\/pages"}],"about":[{"href":"https:\/\/www.armorhistel.org\/centansdelaradio\/index.php\/wp-json\/wp\/v2\/types\/page"}],"author":[{"embeddable":true,"href":"https:\/\/www.armorhistel.org\/centansdelaradio\/index.php\/wp-json\/wp\/v2\/users\/1"}],"replies":[{"embeddable":true,"href":"https:\/\/www.armorhistel.org\/centansdelaradio\/index.php\/wp-json\/wp\/v2\/comments?post=127"}],"version-history":[{"count":16,"href":"https:\/\/www.armorhistel.org\/centansdelaradio\/index.php\/wp-json\/wp\/v2\/pages\/127\/revisions"}],"predecessor-version":[{"id":345,"href":"https:\/\/www.armorhistel.org\/centansdelaradio\/index.php\/wp-json\/wp\/v2\/pages\/127\/revisions\/345"}],"wp:attachment":[{"href":"https:\/\/www.armorhistel.org\/centansdelaradio\/index.php\/wp-json\/wp\/v2\/media?parent=127"}],"curies":[{"name":"wp","href":"https:\/\/api.w.org\/{rel}","templated":true}]}}