{"id":208,"date":"2021-09-22T21:06:20","date_gmt":"2021-09-22T19:06:20","guid":{"rendered":"https:\/\/armorhistel.org\/centansdelaradio\/?page_id=208"},"modified":"2021-09-22T21:27:27","modified_gmt":"2021-09-22T19:27:27","slug":"la-radio-numerique-terrestre","status":"publish","type":"page","link":"https:\/\/www.armorhistel.org\/centansdelaradio\/index.php\/la-radio-numerique-terrestre\/","title":{"rendered":"La Radio Num\u00e9rique Terrestre"},"content":{"rendered":"\n<p class=\"has-vivid-red-color has-text-color has-large-font-size\"><em>Apr\u00e8s la FM, le DAB+<\/em><\/p>\n\n\n\n<p>On voit fleurir le sigle \u00ab&nbsp;DAB+&nbsp;\u00bb dans les journaux et sur les r\u00e9seaux. Si, ces derni\u00e8res ann\u00e9es, vous avez lou\u00e9 une voiture dans les pays nordiques ou m\u00eame en Belgique ou en Angleterre, vous vous \u00eates peut-\u00eatre interrog\u00e9s sur la signification de la touche DAB + de votre autoradio. D\u2019apr\u00e8s Wikip\u00e9dia, le DAB+ est un :\u00ab&nbsp;syst\u00e8me offrant une meilleure qualit\u00e9 du son et stabilit\u00e9 de la r\u00e9ception, plus de stations qu\u2019en FM, synchronisation de la radio avec d\u2019autres m\u00e9dias (textes, images), des co\u00fbts de diffusion moindre&nbsp;gr\u00e2ce \u00e0 la mutualisation des moyens techniques, \u2026 \u00bb. Vous n\u2019\u00eates pas beaucoup plus avanc\u00e9s, mais on va tenter de vous \u00e9clairer.<\/p>\n\n\n\n<p class=\"has-medium-font-size\"><strong>Un peu d\u2019histoire<\/strong><\/p>\n\n\n\n<p>Les d\u00e9buts de la radio, c\u2019est un son qui module l\u2019amplitude d\u2019une onde, on parle de diffusion en grandes ondes, en ondes moyennes, en ondes courtes \u2026 et cela jusqu\u2019\u00e0 la fin de la deuxi\u00e8me guerre mondiale. La bande est vite satur\u00e9e et d\u00e8s les ann\u00e9es 50 apparait une autre technologie, la FM&nbsp;; cette fois, le son module la&nbsp; fr\u00e9quence de l\u2019onde. La \u2018bande FM\u2019 est \u00ab&nbsp;lib\u00e9r\u00e9e&nbsp;\u00bb en France en 1981, conduisant \u00e0 l\u2019explosion de ce qu\u2019on appelle alors \u00ab&nbsp;les radios libres&nbsp;\u00bb et \u00e0 nouveau \u00e0 une saturation rapide des fr\u00e9quences notamment dans les grandes agglom\u00e9rations. Mais les ann\u00e9es 80, c\u2019est aussi le d\u00e9but de la ma\u00eetrise des technologies num\u00e9riques dans les laboratoires de recherche.<\/p>\n\n\n\n<p>40 ans apr\u00e8s le d\u00e9marrage de la FM, en 1986, les acteurs de l\u2019industrie europ\u00e9enne de la radio d\u00e9cident donc de d\u00e9velopper une technologie de diffusion enti\u00e8rement num\u00e9rique&nbsp;: le DAB (Digital Audio Broadcasting), dans une bande de fr\u00e9quence qui lui serait r\u00e9serv\u00e9e.<\/p>\n\n\n\n<p>Cette intention se concr\u00e9tise en 1987 par la cr\u00e9ation du projet de recherche europ\u00e9en&nbsp; Eureka-DAB, aux r\u00e9sultats particuli\u00e8rement fructueux. Le projet aboutit&nbsp;:<\/p>\n\n\n\n<ul><li>\u00e0 la gen\u00e8se de la compression audio MPEG, qui \u00e9voluera ensuite vers le fameux MP3\u00a0!<\/li><li>au d\u00e9veloppement de la technologie de transmission COFDM (Coded Orthogonal Frequency Division Multiplexing), sur la base des propositions techniques issues des travaux du CCETT ( Centre Commun d\u2019\u00c9tude de T\u00e9l\u00e9communication et T\u00e9l\u00e9diffusion)<\/li><\/ul>\n\n\n\n<p class=\"has-medium-font-size\"><strong>Transmettre en num\u00e9rique est une gageure<\/strong><\/p>\n\n\n\n<div class=\"wp-block-image\"><figure class=\"alignright size-full is-resized\"><img loading=\"lazy\" decoding=\"async\" src=\"https:\/\/armorhistel.org\/centansdelaradio\/wp-content\/uploads\/2021\/09\/image-5.png\" alt=\"\" class=\"wp-image-214\" width=\"397\" height=\"223\"\/><\/figure><\/div>\n\n\n\n<p>La diffusion num\u00e9rique doit assurer une r\u00e9ception de qualit\u00e9 dans des conditions radio souvent difficiles car, au contraire de la t\u00e9l\u00e9vision, les r\u00e9cepteurs fonctionnent sans antenne directive. Au niveau des rues, la r\u00e9ception des ondes par les autoradios est masqu\u00e9e par les immeubles et les tunnels ; \u00e0 la maison, la propagation du signal est perturb\u00e9e par les murs et les immeubles voisins.<\/p>\n\n\n\n<p>Par ailleurs, <a>Le d\u00e9bit num\u00e9rique du son st\u00e9r\u00e9o du CD audio <\/a><a href=\"#_msocom_1\">[LFBT1]<\/a>&nbsp;est d\u2019environ 1,4 M\u00e9gabit par seconde, \u00e9quivalent \u00e0 celui d\u2019une vid\u00e9o comprim\u00e9e de la TNT. Dans de telles conditions, un son de qualit\u00e9 CD transmis tel quel occuperait une bande passante de plus d\u20191,5 M\u00e9gahertz, impensable dans le contexte de raret\u00e9 des fr\u00e9quences d\u2019autant qu\u2019en FM les radios sont espac\u00e9es de 400 kilohertz.<\/p>\n\n\n\n<p>Le projet DAB a donc d\u00e9velopp\u00e9&nbsp;:<\/p>\n\n\n\n<ul><li>un proc\u00e9d\u00e9 de transmission sp\u00e9cifique qui s\u2019affranchit des al\u00e9as de la propagation&nbsp;: masquage des signaux, \u00e9chos, brouillage, r\u00e9ception au niveau du sol \u00e0 des vitesses qui peuvent d\u00e9passer les 100 kms\/heure.<\/li><li>des techniques de compression du son, soumises \u00e0 la normalisation internationale ISO-MPEG, qui seront par la suite utilis\u00e9es pour de nombreuses autres applications<\/li><\/ul>\n\n\n\n<p class=\"has-medium-font-size\"><strong>Comprimer oui mais sans d\u00e9grader<\/strong><\/p>\n\n\n\n<p>Le principe repose sur les propri\u00e9t\u00e9s de l\u2019audition. \u00c0 une fr\u00e9quence donn\u00e9e, la pr\u00e9sence d\u2019une composante forte rel\u00e8ve consid\u00e9rablement le seuil de sensibilit\u00e9 de l\u2019oreille au voisinage de cette fr\u00e9quence&nbsp;: il y a masquage d\u2019\u00e9ventuels autres signaux plus faibles. Il est donc possible de coder cette composante avec une faible pr\u00e9cision, car le bruit qui en r\u00e9sulte restera masqu\u00e9 &nbsp;\u00e0 proximit\u00e9 de la fr\u00e9quence concern\u00e9e.<\/p>\n\n\n\n<div class=\"wp-block-columns is-layout-flex wp-container-core-columns-layout-1 wp-block-columns-is-layout-flex\">\n<div class=\"wp-block-column is-layout-flow wp-block-column-is-layout-flow\" style=\"flex-basis:66.66%\">\n<p>On d\u00e9coupe donc le son \u00e0 coder en tranches de quelques dizaines de millisecondes. Dans chaque tranche, on calcule son spectre et on le d\u00e9coupe en une trentaine de \u00ab sous-bandes \u00bb de fr\u00e9quences. \u00c0 l\u2019int\u00e9rieur de chacune un mod\u00e8le psycho-acoustique permet de ne coder son contenu qu\u2019avec la pr\u00e9cision n\u00e9cessaire compte tenu du masquage apport\u00e9 par les composantes pr\u00e9sentes. Au d\u00e9codage, on effectue la transformation inverse fr\u00e9quence vers temps et le signal est restitu\u00e9. Il y a perte d\u2019information, d\u2019autant plus importante que la compression est plus forte, mais on peut adapter le compromis entre qualit\u00e9 et d\u00e9bit r\u00e9sultant en ajustant le param\u00e8tre de tol\u00e9rance dans le calcul du masquage. Les tests ont d\u00e9montr\u00e9 que l\u2019on peut rendre la d\u00e9gradation ind\u00e9celable tout en ayant r\u00e9duit fortement le d\u00e9bit.<\/p>\n<\/div>\n\n\n\n<div class=\"wp-block-column is-layout-flow wp-block-column-is-layout-flow\" style=\"flex-basis:33.33%\">\n<figure class=\"wp-block-image size-large is-resized\"><img loading=\"lazy\" decoding=\"async\" src=\"https:\/\/armorhistel.org\/centansdelaradio\/wp-content\/uploads\/2021\/09\/Image1.png\" alt=\"\" class=\"wp-image-218\" width=\"304\" height=\"146\" srcset=\"https:\/\/www.armorhistel.org\/centansdelaradio\/wp-content\/uploads\/2021\/09\/Image1.png 329w, https:\/\/www.armorhistel.org\/centansdelaradio\/wp-content\/uploads\/2021\/09\/Image1-300x145.png 300w\" sizes=\"(max-width: 304px) 100vw, 304px\" \/><\/figure>\n<\/div>\n<\/div>\n\n\n\n<p class=\"has-medium-font-size\"><strong>Quant \u00e0 diffuser, c\u2019est une autre histoire\u2026<\/strong>I<\/p>\n\n\n\n<p>Il\u00a0 est peu judicieux d\u2019utiliser une fr\u00e9quence pour une seule\u00a0 station radio, car cela imposerait de d\u00e9finir un signal fig\u00e9, \u00e0 d\u00e9bit fixe, pour diffuser une source sonore dont le d\u00e9bit ne manquerait de\u00a0 d\u00e9croitre avec l\u2019am\u00e9lioration du codage.<\/p>\n\n\n\n<p>Par ailleurs, il est int\u00e9ressant de regrouper plusieurs stations radio dans le m\u00eame signal pour mutualiser les co\u00fbts de diffusion\u00a0: en cassant le paradigme \u2018une radio, un signal, un \u00e9metteur\u2019, un seul \u00e9metteur de puissance alimentant une seule antenne peut diffuser plusieurs radios.<\/p>\n\n\n\n<p>Et enfin, si on ajoute que plus on utilise une bande de fr\u00e9quence importante pour transmettre un signal dans des conditions de propagation difficiles, mieux on sait assurer la qualit\u00e9 de la transmission&nbsp;; pour peu que la bande soit suffisamment large, toutes ses fr\u00e9quences ne se comportent pas de la m\u00eame mani\u00e8re, et on sait en tirer parti.<\/p>\n\n\n\n<p>La propagation des ondes vers les r\u00e9cepteurs est affect\u00e9e par les \u00e9chos provenant des r\u00e9flexions du signal sur les diff\u00e9rents obstacles, immeubles, relief, et ces \u00e9chos se modifient en permanence en r\u00e9ception mobile. Les \u00e9chos ont pour effet de d\u00e9truire partiellement des portions du signal et d\u2019en renforcer d\u2019autres. Pour en tirer parti, on transmet les informations num\u00e9riques en y rajoutant de la redondance et en les entrela\u00e7ant, de sorte que les informations li\u00e9es par la redondance se retrouvent s\u00e9par\u00e9es, distribu\u00e9es sur des portions du signal espac\u00e9es \u00e0 la fois en fr\u00e9quence et dans le temps. En r\u00e9ception, les informations port\u00e9es par les portions du signal d\u00e9truites par les \u00e9chos pourront \u00eatre reconstruites gr\u00e2ce \u00e0 la redondance qui les lie \u00e0 celles transmises sur les portions renforc\u00e9es du signal. Ce principe est d\u2019autant plus efficace que la largeur de bande du signal est importante, ce qui justifie de regrouper plusieurs radios pour former un signal unique, sur une largeur de bande d\u2019environ 1,5 M\u00e9gahertz, bon compromis qui garantit une gestion simple du spectre des fr\u00e9quences. Gr\u00e2ce \u00e0 ce regroupement, chaque station radio contribue \u00e0 la bonne r\u00e9ception de toutes les stations qui partagent le m\u00eame signal DAB+&nbsp;! &nbsp;<\/p>\n\n\n\n<p>Ces techniques constituent les fondements du syst\u00e8me dit&nbsp; \u2018COFDM\u2019 pour Coded Orthogonal Frequency Division Multiplex.<\/p>\n\n\n\n<p>Une collaboration industrielle exemplaire a permis l\u2019adoption d\u00e8s le d\u00e9but des ann\u00e9es 90 de la norme europ\u00e9enne DAB, qui a b\u00e9n\u00e9fici\u00e9 bien plus tard de quelques \u00e9volutions en prenant la d\u00e9nomination DAB+&nbsp;: alors que les principes de la transmission n\u2019appelaient pas d\u2019inflexion particuli\u00e8re, il \u00e9tait n\u00e9cessaire d\u2019y introduire un proc\u00e9d\u00e9 de codage du son repr\u00e9sentant l\u2019\u00e9tat de l\u2019art. Avec le codage issu de la norme MPEG-4, un signal DAB+ porte jusqu\u2019\u00e0 13 programmes radio en utilisant une bande de fr\u00e9quence de 1,5 M\u00e9gahertz. Les 28 canaux de fr\u00e9quence VHF attribu\u00e9s en France offrent donc une ressource confortable pour le d\u00e9ploiement de la radio num\u00e9rique.<\/p>\n\n\n\n<p class=\"has-medium-font-size\"><strong><u>Pourquoi seulement aujourd\u2019hui&nbsp;?<\/u><\/strong><\/p>\n\n\n\n<p>Le d\u00e9ploiement a donn\u00e9 lieu \u00e0 un \u00ab&nbsp;feuilleton&nbsp;\u00bb de plus de trente ans.Que manquait-il&nbsp;au DAB pour passer du laboratoire au r\u00e9cepteur&nbsp;?<\/p>\n\n\n\n<p><strong>Des fr\u00e9quences adapt\u00e9es et une r\u00e9glementation d\u00e9finitive.<\/strong><\/p>\n\n\n\n<p>Suite aux accords internationaux, une loi de 2004 fixe les principes d\u2019attribution aux op\u00e9rateurs des fr\u00e9quences de la bande III (VHF). Mais celle-ci ne sera disponible qu\u2019en 2010 apr\u00e8s sa lib\u00e9ration par Canal+.<\/p>\n\n\n\n<p><strong>Une strat\u00e9gie de d\u00e9ploiement.<\/strong><\/p>\n\n\n\n<p>Faut-il viser, \u00e0 l\u2019instar de la TNT, un remplacement rapide de l\u2019analogique par le num\u00e9rique ou bien envisager que le DAB assure des services compl\u00e9mentaires&nbsp;? Faut-il donner seulement des autorisations locales ou bien attribuer \u00e9galement des droits \u00e0 l\u2019\u00e9chelle nationale&nbsp;?<\/p>\n\n\n\n<p>\u00a0<\/p>\n\n\n\n<div class=\"wp-block-image\"><figure class=\"alignright size-full is-resized\"><img loading=\"lazy\" decoding=\"async\" src=\"https:\/\/armorhistel.org\/centansdelaradio\/wp-content\/uploads\/2021\/09\/image-7.png\" alt=\"\" class=\"wp-image-219\" width=\"291\" height=\"333\"\/><\/figure><\/div>\n\n\n\n<p>Les ann\u00e9es passent\u00a0; de consultations infructueuses, en multiples rapports et moratoires. Apr\u00e8s de nombreux blocages, le CSA propose en 2013 une nouvelle strat\u00e9gie dite \u00ab\u00a0des\u00a0arcs et des n\u0153uds\u00a0\u00bb, dans laquelle on vise \u00e0 l\u2019am\u00e9lioration de la couverture en mobilit\u00e9 des radios existantes (les arcs) compl\u00e9t\u00e9e par des diffusions locales centr\u00e9es dans un premier temps sur les grandes m\u00e9tropoles (les n\u0153uds). Deux multiplex sont attribu\u00e9s nationalement pour la couverture des axes. Un calendrier de d\u00e9ploiement est arr\u00eat\u00e9 par le CSA. Les radios priv\u00e9es acceptent la nouvelle strat\u00e9gie et Radio-France est autoris\u00e9e \u00e0 diffuser ses services en num\u00e9rique.\u00a0 Ce plan est en cours d\u2019ex\u00e9cution.<\/p>\n\n\n\n<p class=\"has-medium-font-size\"><strong>Le Mod\u00e8le \u00e9conomique<\/strong><\/p>\n\n\n\n<p>Il n\u2019est pas simple \u00e0 trouver&nbsp;: des gains de productivit\u00e9 faible, des am\u00e9liorations de services par petites touches et surtout un taux de renouvellement des \u00e9quipements beaucoup plus faible qu\u2019en t\u00e9l\u00e9vision, donc peu d\u2019int\u00e9r\u00eat du monde industriel.<\/p>\n\n\n\n<div class=\"wp-block-image\"><figure class=\"alignleft size-large is-resized\"><img loading=\"lazy\" decoding=\"async\" src=\"https:\/\/armorhistel.org\/centansdelaradio\/wp-content\/uploads\/2021\/09\/image-8.png\" alt=\"\" class=\"wp-image-220\" width=\"238\" height=\"222\"\/><\/figure><\/div>\n\n\n\n<p>La concurrence<strong>,<\/strong> elle, ne manque pas\u00a0! Car notamment gr\u00e2ce aux travaux sur le son de 1980, la radio est d\u00e9j\u00e0 num\u00e9rique dans les studios et sur internet qui capte aujourd\u2019hui une part croissante de l\u2019\u00e9coute. L\u2019innovation qui ne manquera pas de na\u00eetre des radios nativement num\u00e9riques tiendra-elle face aux offres de musique des plateformes et aux podcasts natifs. Faut-il compter sur l\u2019attachement aux grands principes d\u2019universalit\u00e9, de gratuit\u00e9 et d\u2019anonymat pour sanctuariser le media et \u00e9quilibrer la concurrence de la 4G et de la 5G\u00a0?<\/p>\n\n\n\n<p>Dans tous les cas, ce qui \u00e9tait annonc\u00e9 comme le seul futur de la radio diffus\u00e9e, ce qui est le cas dans certains pays comme la Norv\u00e8ge et la Suisse, sera un des futurs de la radio, en particulier en France.<\/p>\n\n\n\n<p>Mais on peut d\u00e9j\u00e0 identifier de nombreuses retomb\u00e9es des technologies mises au point lors du d\u00e9veloppement du DAB.<\/p>\n\n\n\n<p>La compression du son tout d\u2019abord qui a pris une dimension \u00e9conomique consid\u00e9rable sous le nom de MP3. Pr\u00e9sente aujourd\u2019hui dans toutes les applications contenant du son notamment sur Internet.<\/p>\n\n\n\n<p>Quant \u00e0 l\u2019OFDM il est sous-jacent aujourd\u2019hui dans de nombreux secteurs ou la transmission du signal est difficile&nbsp;: citons l\u2019ADSL, le CPL, la 4G et demain la 5G.<\/p>\n\n\n\n<p class=\"has-medium-font-size\"><strong>Pourquoi cet \u00e9v\u00e8nement, quel r\u00f4le pour le CCETT&nbsp;?<\/strong><\/p>\n\n\n\n<p>Dans les ann\u00e9es 70 s\u2019installaient en r\u00e9gion Rennaise, notamment \u00e0 Cesson-S\u00e9vign\u00e9, des entreprises, grandes \u00e9coles et laboratoires de recherche majeurs en \u00e9lectronique, audiovisuel et t\u00e9l\u00e9communications. Pendant plus de 50 ans se sont accumul\u00e9es des comp\u00e9tences multiples et une notori\u00e9t\u00e9 internationale rare dans ces domaines.<\/p>\n\n\n\n<p>L\u2019A3C7, l\u2019Association Amicale des Agents du CCETT (aujourd\u2019hui Orange Labs) a l\u2019ambition, modestement, de conserver et de mettre en valeur une partie de ce patrimoine, celle pour laquelle le CCETT a \u00e9t\u00e9 un acteur ou un partenaire majeur. Dans cet esprit ont d\u00e9j\u00e0 \u00e9t\u00e9 con\u00e7u trois \u00e9v\u00e8nements, autour de la photographie num\u00e9rique et de la norme JPEG, du v\u00e9hicule intelligent et communicant et du programme Carminat, un troisi\u00e8me d\u00e9di\u00e9 \u00e0 la T\u00e9l\u00e9vision Num\u00e9rique.<\/p>\n\n\n\n<p>Fiers d\u2019avoir \u00e9t\u00e9 un partenaire cl\u00e9 du d\u00e9veloppement de la Radio Num\u00e9rique, nous en d\u00e9voilons l\u2019histoire, expliquons \u00ab comment \u00e7a marche \u00bb et faisons un point sur le d\u00e9ploiement en France.<\/p>\n\n\n\n<p>C\u2019est rendre hommage aux hommes et femmes engag\u00e9s dans cette aventure que de montrer comment ces comp\u00e9tences et cette notori\u00e9t\u00e9 d\u2019hier sont des atouts majeurs pour le d\u00e9veloppement \u00e9conomique du territoire aujourd\u2019hui.<\/p>\n\n\n\n<hr class=\"wp-block-separator\"\/>\n","protected":false},"excerpt":{"rendered":"<p>Apr\u00e8s la FM, le DAB+ On voit fleurir le sigle \u00ab&nbsp;DAB+&nbsp;\u00bb dans les journaux et sur les r\u00e9seaux. Si, ces derni\u00e8res ann\u00e9es, vous avez lou\u00e9 une voiture dans les pays nordiques ou m\u00eame en Belgique ou en Angleterre, vous vous \u00eates peut-\u00eatre interrog\u00e9s sur la signification de la touche DAB + de votre autoradio. D\u2019apr\u00e8s &hellip; <\/p>\n<p class=\"link-more\"><a href=\"https:\/\/www.armorhistel.org\/centansdelaradio\/index.php\/la-radio-numerique-terrestre\/\" class=\"more-link\">Continuer la lecture<span class=\"screen-reader-text\"> de &laquo;&nbsp;La Radio Num\u00e9rique Terrestre&nbsp;&raquo;<\/span><\/a><\/p>\n","protected":false},"author":1,"featured_media":0,"parent":0,"menu_order":0,"comment_status":"closed","ping_status":"closed","template":"","meta":{"footnotes":""},"_links":{"self":[{"href":"https:\/\/www.armorhistel.org\/centansdelaradio\/index.php\/wp-json\/wp\/v2\/pages\/208"}],"collection":[{"href":"https:\/\/www.armorhistel.org\/centansdelaradio\/index.php\/wp-json\/wp\/v2\/pages"}],"about":[{"href":"https:\/\/www.armorhistel.org\/centansdelaradio\/index.php\/wp-json\/wp\/v2\/types\/page"}],"author":[{"embeddable":true,"href":"https:\/\/www.armorhistel.org\/centansdelaradio\/index.php\/wp-json\/wp\/v2\/users\/1"}],"replies":[{"embeddable":true,"href":"https:\/\/www.armorhistel.org\/centansdelaradio\/index.php\/wp-json\/wp\/v2\/comments?post=208"}],"version-history":[{"count":5,"href":"https:\/\/www.armorhistel.org\/centansdelaradio\/index.php\/wp-json\/wp\/v2\/pages\/208\/revisions"}],"predecessor-version":[{"id":221,"href":"https:\/\/www.armorhistel.org\/centansdelaradio\/index.php\/wp-json\/wp\/v2\/pages\/208\/revisions\/221"}],"wp:attachment":[{"href":"https:\/\/www.armorhistel.org\/centansdelaradio\/index.php\/wp-json\/wp\/v2\/media?parent=208"}],"curies":[{"name":"wp","href":"https:\/\/api.w.org\/{rel}","templated":true}]}}