{"id":8,"date":"2021-06-21T18:14:54","date_gmt":"2021-06-21T16:14:54","guid":{"rendered":"http:\/\/armorhistel.org\/centansdelaradio\/?page_id=8"},"modified":"2023-08-03T20:25:42","modified_gmt":"2023-08-03T18:25:42","slug":"accueil","status":"publish","type":"page","link":"https:\/\/www.armorhistel.org\/centansdelaradio\/","title":{"rendered":"Accueil"},"content":{"rendered":"\n<p class=\"has-medium-font-size\">Bienvenue<\/p>\n\n\n\n<p><strong>26 novembre 1921 :<\/strong> un concert transmis depuis l\u2019\u00e9metteur de Sainte Assise \u00e0 des convives de l\u2019H\u00f4tel Lutetia \u00e0 Paris symbolise la naissance de la radio en France&nbsp;; il sera suivi quelques jours plus tard du d\u00e9marrage de la diffusion r\u00e9guli\u00e8re d\u2019\u00e9missions quotidiennes \u00e0 partir de l\u2019\u00e9metteur de la Tour Eiffel.<\/p>\n\n\n\n<p>En r\u00e9alit\u00e9, l\u2019aventure de la radio avait commenc\u00e9 depuis plus d\u2019un si\u00e8cle gr\u00e2ce aux <a href=\"https:\/\/armorhistel.org\/centansdelaradio\/index.php\/les-precurseurs\/\">pr\u00e9curseurs,<\/a> ces scientifiques \u00e0 l\u2019origine de d\u00e9couvertes ou inventions dans le domaine de l\u2019\u00e9lectricit\u00e9, l\u2019\u00e9lectromagn\u00e9tisme, les ondes \u00e9lectromagn\u00e9tiques\u2026 Ces personnages n\u2019avaient pour la plupart aucune id\u00e9e des applications qui d\u00e9couleraient de leurs d\u00e9couvertes.<\/p>\n\n\n\n<p>Mais les \u00ab&nbsp;<a href=\"https:\/\/armorhistel.org\/centansdelaradio\/index.php\/les-pionniers\/\">pionniers<\/a>&nbsp;\u00bb leur ont succ\u00e9d\u00e9&nbsp;: ceux-ci ont su utiliser les d\u00e9couvertes des pr\u00e9c\u00e9dents pour &nbsp;accomplir un des vieux r\u00eaves de l\u2019humanit\u00e9&nbsp;: communiquer \u00e0 distance&nbsp;!<\/p>\n\n\n\n<p>Le premier mode de diffusion de la radio fut <a href=\"https:\/\/armorhistel.org\/centansdelaradio\/index.php\/le-temps-de-lanalogique\/\" data-type=\"URL\" data-id=\"https:\/\/armorhistel.org\/centansdelaradio\/index.php\/le-temps-de-lanalogique\/\">analogique<\/a>&nbsp;; nos pionniers avaient d\u00e9couvert qu\u2019une onde radio pouvait transmettre de l\u2019information, le signal \u00e0 transmettre modulant l\u2019amplitude de l\u2019onde \u00ab&nbsp;porteuse&nbsp;\u00bb. Ils surent aussi inventer les technologies qui permirent la modulation, l\u2019\u00e9mission, la transmission, la r\u00e9ception et la d\u00e9modulation du signal audio.<\/p>\n\n\n\n<p>La modulation de fr\u00e9quence na\u00eet dans les ann\u00e9es 60, apportant un gain consid\u00e9rable \u00e0 la qualit\u00e9 du signal audio.<\/p>\n\n\n\n<p>Les ann\u00e9es 80 voient l\u2019arriv\u00e9e du <a href=\"https:\/\/armorhistel.org\/centansdelaradio\/index.php\/le-temps-du-numerique\/\" data-type=\"URL\" data-id=\"https:\/\/armorhistel.org\/centansdelaradio\/index.php\/le-temps-du-numerique\/\">num\u00e9rique<\/a> : la Radio Num\u00e9rique Terrestre appara\u00eet avec la norme DAB. Au d\u00e9but du 21\u00e8me si\u00e8cle, Internet s\u2019invite comme support, ouvrant ainsi aux auditeurs un acc\u00e8s aux cha\u00eenes radio du monde entier.\u00a0\u00bb<\/p>\n\n\n\n<p>D\u00e9couvrez ces personnages, ces innovations, cette histoire sur ce site, mis en \u0153uvre pour le Village des Sciences 2021 \u00e0 Rennes&nbsp;!<\/p>\n\n\n\n<p>Bonne navigation&nbsp;!<\/p>\n\n\n\n<p class=\"has-text-align-center has-medium-font-size\">L&rsquo;\u00e9quipe Armorhistel &#8211; A3C7 &#8211; ACHDR<\/p>\n\n\n\n<div class=\"wp-block-columns is-layout-flex wp-container-core-columns-layout-1 wp-block-columns-is-layout-flex\">\n<div class=\"wp-block-column is-layout-flow wp-block-column-is-layout-flow\">\n<p class=\"has-text-align-center\"><a href=\"http:\/\/www.armorhistel.org\" target=\"_blank\" rel=\"noreferrer noopener\">www.armorhistel.org<\/a><\/p>\n<\/div>\n\n\n\n<div class=\"wp-block-column is-layout-flow wp-block-column-is-layout-flow\">\n<p class=\"has-text-align-center\"><a href=\"http:\/\/www.a3c7.fr\" data-type=\"URL\" data-id=\"www.a3c7.fr\" target=\"_blank\" rel=\"noreferrer noopener\">www.a3c7.fr<\/a><\/p>\n<\/div>\n\n\n\n<div class=\"wp-block-column is-layout-flow wp-block-column-is-layout-flow\">\n<p class=\"has-text-align-center\"><a href=\"https:\/\/achdr.over-blog.com\/\" target=\"_blank\" rel=\"noreferrer noopener\">https:\/\/achdr.over-blog.com\/<\/a><\/p>\n<\/div>\n<\/div>\n\n\n\n<p><\/p>\n","protected":false},"excerpt":{"rendered":"<p>Bienvenue 26 novembre 1921 : un concert transmis depuis l\u2019\u00e9metteur de Sainte Assise \u00e0 des convives de l\u2019H\u00f4tel Lutetia \u00e0 Paris symbolise la naissance de la radio en France&nbsp;; il sera suivi quelques jours plus tard du d\u00e9marrage de la diffusion r\u00e9guli\u00e8re d\u2019\u00e9missions quotidiennes \u00e0 partir de l\u2019\u00e9metteur de la Tour Eiffel. En r\u00e9alit\u00e9, l\u2019aventure &hellip; <\/p>\n<p class=\"link-more\"><a href=\"https:\/\/www.armorhistel.org\/centansdelaradio\/\" class=\"more-link\">Continuer la lecture<span class=\"screen-reader-text\"> de &laquo;&nbsp;Accueil&nbsp;&raquo;<\/span><\/a><\/p>\n","protected":false},"author":1,"featured_media":0,"parent":0,"menu_order":0,"comment_status":"closed","ping_status":"closed","template":"","meta":{"footnotes":""},"_links":{"self":[{"href":"https:\/\/www.armorhistel.org\/centansdelaradio\/index.php\/wp-json\/wp\/v2\/pages\/8"}],"collection":[{"href":"https:\/\/www.armorhistel.org\/centansdelaradio\/index.php\/wp-json\/wp\/v2\/pages"}],"about":[{"href":"https:\/\/www.armorhistel.org\/centansdelaradio\/index.php\/wp-json\/wp\/v2\/types\/page"}],"author":[{"embeddable":true,"href":"https:\/\/www.armorhistel.org\/centansdelaradio\/index.php\/wp-json\/wp\/v2\/users\/1"}],"replies":[{"embeddable":true,"href":"https:\/\/www.armorhistel.org\/centansdelaradio\/index.php\/wp-json\/wp\/v2\/comments?post=8"}],"version-history":[{"count":8,"href":"https:\/\/www.armorhistel.org\/centansdelaradio\/index.php\/wp-json\/wp\/v2\/pages\/8\/revisions"}],"predecessor-version":[{"id":346,"href":"https:\/\/www.armorhistel.org\/centansdelaradio\/index.php\/wp-json\/wp\/v2\/pages\/8\/revisions\/346"}],"wp:attachment":[{"href":"https:\/\/www.armorhistel.org\/centansdelaradio\/index.php\/wp-json\/wp\/v2\/media?parent=8"}],"curies":[{"name":"wp","href":"https:\/\/api.w.org\/{rel}","templated":true}]}}